{"id":104,"date":"2018-03-15T12:55:55","date_gmt":"2018-03-15T11:55:55","guid":{"rendered":"http:\/\/lloh.at\/lloh.at\/wordpress\/?page_id=104"},"modified":"2024-06-08T15:16:39","modified_gmt":"2024-06-08T13:16:39","slug":"leistungsangebot","status":"publish","type":"page","link":"http:\/\/www.lloh.at\/?page_id=104","title":{"rendered":"Leistungsangebot"},"content":{"rendered":"<p>Ich biete Haus- und Gartenbetreuungsvertr\u00e4ge im NW von Wien an. (17, 18, 19)<\/p>\n<p>Gerne betreuue ich auch weiter weg gelegene Liegenschaften, muss jedoch wegen der l\u00e4ngeren Anfahrt und m\u00f6glicher problematischer Parksituation im Angebot ber\u00fccksichtigen.<\/p>\n<p>Bedarfsarbeiten wie Wohnungsputz vor Neuvermietung oder Mietr\u00fcckgabe, Hecken oder Grassschnitt, Poolreinigung oder Gehwegreinigung mit Druckwaschger\u00e4t erledigen wir auch gerne f\u00fcr Sie.<\/p>\n<p>Auch kleinere Entsorgungen \u00fcbernehmen wir gerne.<\/p>\n<p>Normaler Stundensatz beginnt bei \u20ac50\/h, wir offerieren jedoch gerne Fixpreise nach Angebot.<\/p>\n<p>Rufen Sie einfach mal an: 0664 355 0847<\/p>\n<p>mfG<\/p>\n<p>Lars Loh<\/p>\n","protected":false},"excerpt":{"rendered":"<p>Ich biete Haus- und Gartenbetreuungsvertr\u00e4ge im NW von Wien an. (17, 18, 19) Gerne betreuue ich auch weiter weg gelegene Liegenschaften, muss jedoch wegen der l\u00e4ngeren Anfahrt und m\u00f6glicher problematischer Parksituation im Angebot ber\u00fccksichtigen. Bedarfsarbeiten wie Wohnungsputz vor Neuvermietung oder Mietr\u00fcckgabe, Hecken oder Grassschnitt, Poolreinigung oder Gehwegreinigung mit Druckwaschger\u00e4t erledigen wir auch gerne f\u00fcr Sie. [&hellip;]<\/p>\n","protected":false},"author":1,"featured_media":0,"parent":0,"menu_order":0,"comment_status":"closed","ping_status":"closed","template":"","meta":{"footnotes":""},"_links":{"self":[{"href":"http:\/\/www.lloh.at\/index.php?rest_route=\/wp\/v2\/pages\/104"}],"collection":[{"href":"http:\/\/www.lloh.at\/index.php?rest_route=\/wp\/v2\/pages"}],"about":[{"href":"http:\/\/www.lloh.at\/index.php?rest_route=\/wp\/v2\/types\/page"}],"author":[{"embeddable":true,"href":"http:\/\/www.lloh.at\/index.php?rest_route=\/wp\/v2\/users\/1"}],"replies":[{"embeddable":true,"href":"http:\/\/www.lloh.at\/index.php?rest_route=%2Fwp%2Fv2%2Fcomments&post=104"}],"version-history":[{"count":4,"href":"http:\/\/www.lloh.at\/index.php?rest_route=\/wp\/v2\/pages\/104\/revisions"}],"predecessor-version":[{"id":212,"href":"http:\/\/www.lloh.at\/index.php?rest_route=\/wp\/v2\/pages\/104\/revisions\/212"}],"wp:attachment":[{"href":"http:\/\/www.lloh.at\/index.php?rest_route=%2Fwp%2Fv2%2Fmedia&parent=104"}],"curies":[{"name":"wp","href":"https:\/\/api.w.org\/{rel}","templated":true}]}}