{"id":125,"date":"2018-06-22T11:50:20","date_gmt":"2018-06-22T09:50:20","guid":{"rendered":"http:\/\/lloh.at\/lloh.at\/wordpress\/?page_id=125"},"modified":"2018-06-22T11:50:20","modified_gmt":"2018-06-22T09:50:20","slug":"datenschutz-ein-wichtiges-thema","status":"publish","type":"page","link":"http:\/\/www.lloh.at\/?page_id=125","title":{"rendered":"Datenschutz &#8211; Ein wichtiges Thema"},"content":{"rendered":"<p>Wir speichern generell keine Daten Au\u00dfer unumg\u00e4nglich.<\/p>\n<p>Fotos, Rechnungen, Anbote und Kontaktdaten werden von uns nur Rechtm\u00e4\u00dfig genutzt. Sollten wir ihre Daten komplett entfernen sollen, bitte schreiben Sie uns, und wir werden Ihrem Wunsch (wo Legal &#8211; Rechnungen zb. sind m\u00fcssen f\u00fcr das Finanzamt aufbewahrt werden) Folge leisten.<\/p>\n<p>Daten die zum Beispiel vom Serverbetreiber gespeichert werden k\u00f6nnen nicht von uns beeinflusst werden. Bitte wenden Sie sich an die zust\u00e4ndigen Personen.<\/p>\n<p>Vielen Dank<\/p>\n<p>Lars Loh<\/p>\n","protected":false},"excerpt":{"rendered":"<p>Wir speichern generell keine Daten Au\u00dfer unumg\u00e4nglich. Fotos, Rechnungen, Anbote und Kontaktdaten werden von uns nur Rechtm\u00e4\u00dfig genutzt. Sollten wir ihre Daten komplett entfernen sollen, bitte schreiben Sie uns, und wir werden Ihrem Wunsch (wo Legal &#8211; Rechnungen zb. sind m\u00fcssen f\u00fcr das Finanzamt aufbewahrt werden) Folge leisten. Daten die zum Beispiel vom Serverbetreiber gespeichert [&hellip;]<\/p>\n","protected":false},"author":1,"featured_media":0,"parent":0,"menu_order":0,"comment_status":"closed","ping_status":"closed","template":"","meta":{"footnotes":""},"_links":{"self":[{"href":"http:\/\/www.lloh.at\/index.php?rest_route=\/wp\/v2\/pages\/125"}],"collection":[{"href":"http:\/\/www.lloh.at\/index.php?rest_route=\/wp\/v2\/pages"}],"about":[{"href":"http:\/\/www.lloh.at\/index.php?rest_route=\/wp\/v2\/types\/page"}],"author":[{"embeddable":true,"href":"http:\/\/www.lloh.at\/index.php?rest_route=\/wp\/v2\/users\/1"}],"replies":[{"embeddable":true,"href":"http:\/\/www.lloh.at\/index.php?rest_route=%2Fwp%2Fv2%2Fcomments&post=125"}],"version-history":[{"count":1,"href":"http:\/\/www.lloh.at\/index.php?rest_route=\/wp\/v2\/pages\/125\/revisions"}],"predecessor-version":[{"id":126,"href":"http:\/\/www.lloh.at\/index.php?rest_route=\/wp\/v2\/pages\/125\/revisions\/126"}],"wp:attachment":[{"href":"http:\/\/www.lloh.at\/index.php?rest_route=%2Fwp%2Fv2%2Fmedia&parent=125"}],"curies":[{"name":"wp","href":"https:\/\/api.w.org\/{rel}","templated":true}]}}